{"id":23,"date":"2017-01-01T17:54:59","date_gmt":"2017-01-01T16:54:59","guid":{"rendered":"http:\/\/www.studiodocs.it\/?page_id=23"},"modified":"2017-07-29T10:49:28","modified_gmt":"2017-07-29T08:49:28","slug":"visite-ed-esami","status":"publish","type":"page","link":"http:\/\/www.studiodocs.it\/index.php\/visite-ed-esami\/","title":{"rendered":"Diagnostica Oculistica"},"content":{"rendered":"<p>[vc_row][vc_column width=&#8221;1\/1&#8243;][vc_gallery el_id=&#8221;gallery-750729&#8243; medias=&#8221;343,347,349,350,351,353,354,358,359,357,360,361,364,365,366,367,368,371,372,374,341,369,370,373,363,344&#8243; gutter_size=&#8221;1&#8243; screen_lg=&#8221;1000&#8243; screen_md=&#8221;600&#8243; screen_sm=&#8221;480&#8243; single_width=&#8221;3&#8243; single_overlay_opacity=&#8221;50&#8243; single_padding=&#8221;2&#8243; single_title_height=&#8221;&#8221;][\/vc_column][\/vc_row][vc_row][vc_column width=&#8221;1\/2&#8243;][vc_icon position=&#8221;left&#8221; icon=&#8221;fa fa-chevron-circle-right&#8221; icon_color=&#8221;color-vyce&#8221; size=&#8221;fa-3x&#8221; heading_semantic=&#8221;h5&#8243; text_size=&#8221;h5&#8243; text_weight=&#8221;200&#8243; text_height=&#8221;&#8221; title=&#8221;Visita Oculistica Completa&#8221;]Una visita oculistica completa inizia da una accurata anamnesi patologica generale, mirante ad identificare eventuali patologie di carattere generale o malattie sistemiche che influiscono sulla vista e da una anamnesi patologica oculare per conoscere i disturbi soggettivi percepiti dal paziente. la visita comprende poi una serie di esami e test effettuati dallo specialista oftalmologo, al fine di valutare lo stato di salute effettivo dell\u2019apparato visivo.[\/vc_icon][vc_icon position=&#8221;left&#8221; icon=&#8221;fa fa-chevron-circle-right&#8221; icon_color=&#8221;color-vyce&#8221; size=&#8221;fa-3x&#8221; heading_semantic=&#8221;h5&#8243; text_size=&#8221;h5&#8243; text_weight=&#8221;200&#8243; text_height=&#8221;&#8221; title=&#8221;Visita Ortottica&#8221;]<\/p>\n<p class=\"p1\"><span class=\"s1\">La visita ortottica serve a diagnosticare: deficit a carico dell\u2019apparato neuromuscolare dell&#8217; occho come alterazioni dei muscoli estrinseci oculari o dei nervi che li comandano,: alterazioni che da questi derivano quali visione doppia, confusione, strabismo, ambliopia, anisotropia, paralisi oculari; disporre il trattamento adatto al disturbo riscontrato.<\/span><\/p>\n<p>[\/vc_icon][vc_icon position=&#8221;left&#8221; icon=&#8221;fa fa-chevron-circle-right&#8221; icon_color=&#8221;color-vyce&#8221; size=&#8221;fa-3x&#8221; heading_semantic=&#8221;h5&#8243; text_size=&#8221;h5&#8243; text_weight=&#8221;200&#8243; text_height=&#8221;&#8221; title=&#8221;Visita Pediatrica&#8221;]<\/p>\n<p class=\"p1\"><span class=\"s1\">In assenza di fattori di rischio \u00e8 consigliabile sottoporre tutti i bambini ad una visita oculistica tra i 2 ed i 3 anni di et\u00e0, perch\u00e9 alcuni difetti sia mono che bilaterali, possono passare inosservati per molto tempo e, se non corretti, possono condurre ad ambliopia. Una visita precoce quindi permette un trattamento tempestivo di tali eventuali difetti. Un ruolo importante nella visita pediatrica lo assume in alcuni casi l\u2019uso delle gocce per dilatare la pupilla: sfruttando infatti il loro effetto cicloplegico (paralizzano temporaneamente il muscolo dell\u2019accomodazione) permettono di analizzare in profondit\u00e0 il difetto refrattivo presente e tramite la midriasi, di esplorare anche la retina ed il nervo ottico (esame del fondo oculare).<\/span><\/p>\n<p>[\/vc_icon][vc_icon position=&#8221;left&#8221; icon=&#8221;fa fa-chevron-circle-right&#8221; icon_color=&#8221;color-vyce&#8221; size=&#8221;fa-3x&#8221; heading_semantic=&#8221;h5&#8243; text_size=&#8221;h5&#8243; text_weight=&#8221;200&#8243; text_height=&#8221;&#8221; title=&#8221;Perimetria computerizzata&#8221;]<\/p>\n<p class=\"p1\"><span class=\"s1\">La perimetria computerizzata consente di realizzare una mappa del campo visivo del paziente, per documentare la sua visione periferica e quella centrale. L\u2019esame \u00e8 pi\u00f9 spesso richiesto per pazienti che soffrono di glaucoma, ma pu\u00f2 essere estremamente utile in numerose altre patologie, quali la retinopatia pigmentosa, le neuriti ottiche, le patologie delle vie ottiche (chiasma ottico, radiazioni ottiche, ecc..) ed in alcune malattie della retina.<\/span><\/p>\n<p>[\/vc_icon][vc_icon position=&#8221;left&#8221; icon=&#8221;fa fa-chevron-circle-right&#8221; icon_color=&#8221;color-vyce&#8221; size=&#8221;fa-3x&#8221; heading_semantic=&#8221;h5&#8243; text_size=&#8221;h5&#8243; text_weight=&#8221;200&#8243; text_height=&#8221;&#8221; title=&#8221;Schermo di Hess&#8221;]<\/p>\n<p class=\"p1\"><span class=\"s1\">Lo schermo di Hess-Lancaster \u00e8 un test a cui si ricorre per rilevare la presenza di anomalie nel funzionamento dei muscoli estrinseci dell\u2019occhio. Grazie a questo esame, infatti, il medico determina l\u2019origine di una paralisi dei globi oculari, della diplopia o dello strabismo.<\/span><\/p>\n<p>[\/vc_icon][vc_single_image media=&#8221;116&#8243; media_width_percent=&#8221;76&#8243; alignment=&#8221;center&#8221;][\/vc_column][vc_column width=&#8221;1\/2&#8243;][vc_single_image media=&#8221;117&#8243; media_width_percent=&#8221;76&#8243; alignment=&#8221;center&#8221;][vc_icon position=&#8221;left&#8221; icon=&#8221;fa fa-chevron-circle-right&#8221; icon_color=&#8221;color-vyce&#8221; size=&#8221;fa-3x&#8221; heading_semantic=&#8221;h5&#8243; text_size=&#8221;h5&#8243; text_weight=&#8221;200&#8243; text_height=&#8221;&#8221; title=&#8221;Fundus camera digitale cobra Hd&#8221;]<\/p>\n<p class=\"p1\"><span class=\"s1\">Cobra \u00e8 una innovativa fundus camera digitale non-midriatica che integra tutte le funzioni necessarie per un rapido screening delle condizioni della retina. Utilizzando un esclusivo sistema ottico, Cobra \u00e8 in grado di fornire immagini di alta qualit\u00e0 del fondo oculare.<\/span><\/p>\n<p>[\/vc_icon][vc_icon position=&#8221;left&#8221; icon=&#8221;fa fa-chevron-circle-right&#8221; icon_color=&#8221;color-vyce&#8221; size=&#8221;fa-3x&#8221; heading_semantic=&#8221;h5&#8243; text_size=&#8221;h5&#8243; text_weight=&#8221;200&#8243; text_height=&#8221;&#8221; title=&#8221;Lampada a fessura con camera digitale cso elite&#8221;]<\/p>\n<p class=\"p1\"><span class=\"s1\">Lampada a fessura con camera digitale ad alte prestazioni per una acquisizione di immagini e filmati con software integrato.<\/span><\/p>\n<p>[\/vc_icon][vc_icon position=&#8221;left&#8221; icon=&#8221;fa fa-chevron-circle-right&#8221; icon_color=&#8221;color-vyce&#8221; size=&#8221;fa-3x&#8221; heading_semantic=&#8221;h5&#8243; text_size=&#8221;h5&#8243; text_weight=&#8221;200&#8243; text_height=&#8221;&#8221; title=&#8221;Angiografia Oct &#8220;]<\/p>\n<p class=\"p1\"><span class=\"s1\">L\u2019Angiografia OCT o Angio OCT senza mezzo di contrasto si \u00e8 rivelata nell\u2019ultimo periodo, una rivoluzione nella diagnostica retinica. La nuova tecnica di angiografia utilizza i pi\u00f9 moderni strumenti OCT per evidenziare i capillari normali e quelli patologici della retina. Si tratta di una nuova tecnica di immagine non invasiva e veloce che fornisce una ricostruzione tridimensionale dei vasi perfusi sia della retina che della coroide, utilizzando come mezzo di contrasto il normale movimento del sangue nei capillari.<\/span><\/p>\n<p>[\/vc_icon][vc_icon position=&#8221;left&#8221; icon=&#8221;fa fa-chevron-circle-right&#8221; icon_color=&#8221;color-vyce&#8221; size=&#8221;fa-3x&#8221; heading_semantic=&#8221;h5&#8243; text_size=&#8221;h5&#8243; text_weight=&#8221;200&#8243; text_height=&#8221;&#8221; title=&#8221;Microscopia endoteliale&#8221;]<\/p>\n<p class=\"p1\"><span class=\"s1\">La microscopia endoteliale \u00e8 una metodica che permette di fotografare, mediante una apposita fotocamera computerizzata, la superficie pi\u00f9 interna della cornea, dove sono presenti le cellule endoteliali.Essa consente lo studio della densit\u00e0 (conteggio delle cellule), morfologico e morfometrico dell\u2019endotelio.<\/span><\/p>\n<p>[\/vc_icon][vc_icon position=&#8221;left&#8221; icon=&#8221;fa fa-chevron-circle-right&#8221; icon_color=&#8221;color-vyce&#8221; size=&#8221;fa-3x&#8221; heading_semantic=&#8221;h5&#8243; text_size=&#8221;h5&#8243; text_weight=&#8221;200&#8243; text_height=&#8221;&#8221; title=&#8221;Sinottoforo&#8221;]<\/p>\n<p class=\"p1\"><span class=\"s1\">Tramite questo strumento \u00e8 possibile quantificare l\u2019angolo di deviazione dell\u2019asse degli occhi (se presente strabismo o eteroforie), inoltre \u00e8 possibile valutare il grado di stereopsi, di fusione e di convergenza. \u00a0Il Sinottoforo valuta anche lievi insufficienze di convergenza e pu\u00f2 essere utilizzarto nella loro correzione mediante degli esercizi specifici.<\/span><\/p>\n<p>[\/vc_icon][\/vc_column][\/vc_row][vc_row][vc_column width=&#8221;1\/2&#8243;][vc_icon position=&#8221;left&#8221; icon=&#8221;fa fa-chevron-circle-right&#8221; icon_color=&#8221;color-vyce&#8221; size=&#8221;fa-3x&#8221; heading_semantic=&#8221;h5&#8243; text_size=&#8221;h5&#8243; text_weight=&#8221;200&#8243; text_height=&#8221;&#8221; title=&#8221;Biometria Ottica (IOL Master) &#8220;]<\/p>\n<p class=\"p1\"><span class=\"s1\">La biometria ottica fornisce l\u2019esatto potere del cristallino arctificiale da impiantare nel corso dI intervento per cataratta al fine di correggere preesistenti difetti visivi come miopia, ipermetropia e astigmatismo anche di grado elevato. Questo esame \u00e8 basato sulla interferometria ottica a coerenza parziale e utilizza una radiazione laser dedicata.<\/span><\/p>\n<p>[\/vc_icon][vc_icon position=&#8221;left&#8221; icon=&#8221;fa fa-chevron-circle-right&#8221; icon_color=&#8221;color-vyce&#8221; size=&#8221;fa-3x&#8221; heading_semantic=&#8221;h5&#8243; text_size=&#8221;h5&#8243; text_weight=&#8221;200&#8243; text_height=&#8221;&#8221; title=&#8221;Biometria ad ultrasuoni&#8221;]<\/p>\n<p class=\"p1\"><span class=\"s1\">L\u2019identificazione del potere ottimale del cristallino artificiale non pu\u00f2 oggi prescindere dall\u2019utilizzo di ecobiometri ottici. La tradizionale ecobiometria ad ultrasuoni viene comunque utilizzata nel caso di una cataratta ipermatura o eccessivamente densa per verificare eventuali incongruit\u00e0 con i dati forniti dalla biometria ottica.<\/span><\/p>\n<p>[\/vc_icon][vc_icon position=&#8221;left&#8221; icon=&#8221;fa fa-chevron-circle-right&#8221; icon_color=&#8221;color-vyce&#8221; size=&#8221;fa-3x&#8221; heading_semantic=&#8221;h5&#8243; text_size=&#8221;h5&#8243; text_weight=&#8221;200&#8243; text_height=&#8221;&#8221; title=&#8221;Tomografia della cornea e dell&#8217;angolo irido-corneale&#8221;]<\/p>\n<p class=\"p1\"><span class=\"s1\">L\u2019OCT \u00e8 in grado con l\u2019aggiunta di una apposita lente, di indagare il segmento anteriore dell\u2019occhio in modo da evidenziarne eventuali irregolarit\u00e0 morfologiche.<\/span><\/p>\n<p>[\/vc_icon][vc_icon position=&#8221;left&#8221; icon=&#8221;fa fa-chevron-circle-right&#8221; icon_color=&#8221;color-vyce&#8221; size=&#8221;fa-3x&#8221; heading_semantic=&#8221;h5&#8243; text_size=&#8221;h5&#8243; text_weight=&#8221;200&#8243; text_height=&#8221;&#8221; title=&#8221;Tomografia a coerenza ottica (OCT)&#8221;]<\/p>\n<p class=\"p1\"><span class=\"s1\">La\u00a0Tomografia ottica computerizzata\u00a0(OCT), o Tomografia ottica a radiazione coerente, \u00e8 un\u00a0esame\u00a0diagnostico\u00a0non invasivo\u00a0che permette di ottenere delle\u00a0scansioni della cornea\u00a0e della\u00a0retina\u00a0per la diagnosi ed il follow-up di numerose\u00a0patologie\u00a0corneali e retiniche e nella\u00a0diagnosi preoperatoria\u00a0e nel follow-up postoperatorio della gran parte delle patologie oculari che necessitano di un intervento chirurgico. Si tratta di una tecnica di diagnosi per immagini\u00a0non invasiva, basata sull&#8217;interferometria a luce bianca o a bassa coerenza, un fascio laser privo di radiazioni nocive che viene impiegato per analizzare le strutture oculari soprattutto retiniche e corneali mediante sezioni ad alta risoluzione.<\/span><\/p>\n<p>[\/vc_icon][\/vc_column][vc_column width=&#8221;1\/2&#8243;][vc_icon position=&#8221;left&#8221; icon=&#8221;fa fa-chevron-circle-right&#8221; icon_color=&#8221;color-vyce&#8221; size=&#8221;fa-3x&#8221; heading_semantic=&#8221;h5&#8243; text_size=&#8221;h5&#8243; text_weight=&#8221;200&#8243; text_height=&#8221;&#8221; title=&#8221;Topografia Pentacam&#8221;]<\/p>\n<p class=\"p1\"><span class=\"s1\">Il Pentacam consiste in una camera di Scheimpflug rotante che analizzala la forma ed alcune caratteristiche ottiche della cornea e del segmento anteriore, al fine di valutarne eventuali anomalie. In particolare serve a misurare curvatura ed elevazione della superficie anteriore e posteriore della cornea, spessore della cornea, profondit\u00e0 della camera anteriore (lo spazio compreso tra cornea e iride), angolo irido corneale (la struttura che drena i liquidi nell\u2019occhio), \u00a0la densitometria del cristallino. E\u2019 un esame non invasivo e privo di rischi.<\/span><\/p>\n<p>[\/vc_icon][vc_icon position=&#8221;left&#8221; icon=&#8221;fa fa-chevron-circle-right&#8221; icon_color=&#8221;color-vyce&#8221; size=&#8221;fa-3x&#8221; heading_semantic=&#8221;h5&#8243; text_size=&#8221;h5&#8243; text_weight=&#8221;200&#8243; text_height=&#8221;&#8221; title=&#8221;Blephasteam&#8221;]<\/p>\n<p class=\"p1\"><span class=\"s1\">Dispositivo medico per il riscaldamento delle palpebre con tecnologia a calore umido controllato. Esso \u00e8 in grado di rimuovere l\u2019ostacolo alla secrezione delle ghiandole di meibomio e migliorare la funzione palpebrale ed oculare.<\/span><\/p>\n<p>[\/vc_icon][vc_icon position=&#8221;left&#8221; icon=&#8221;fa fa-chevron-circle-right&#8221; icon_color=&#8221;color-vyce&#8221; size=&#8221;fa-3x&#8221; heading_semantic=&#8221;h5&#8243; text_size=&#8221;h5&#8243; text_weight=&#8221;200&#8243; text_height=&#8221;&#8221; title=&#8221;Yag Laser&#8221;]<\/p>\n<p class=\"p1\"><span class=\"s1\">Nella maggior parte delle persone che hanno subito l\u2019intervento di cataratta, mesi o anni dopo l\u2019intervento stesso, la capsula posteriore va incontro ad un progressivo processo di fibrosi ed opacizzazione, provocando un nuovo annebbiamento della visione. Questo fenomeno viene indicato comunemente ma impropriamente come cataratta secondaria, un termine che confonde il paziente in merito all\u2019origine di questa condizione, il cui nome coretto \u00e8 fibrosi capsulare. L\u2019intervento di capsulotomia posteriore mediante YAG laser permette nella stragrande maggioranza dei casi un miglioramento o un ripristino della capacit\u00e0 visiva in una sola seduta.<\/span><\/p>\n<p>[\/vc_icon][\/vc_column][\/vc_row][vc_row][vc_column width=&#8221;1\/1&#8243;][uncode_block id=&#8221;44&#8243;][\/vc_column][\/vc_row]<\/p>\n","protected":false},"excerpt":{"rendered":"<p>[vc_row][vc_column width=&#8221;1\/1&#8243;][vc_gallery el_id=&#8221;gallery-750729&#8243; medias=&#8221;343,347,349,350,351,353,354,358,359,357,360,361,364,365,366,367,368,371,372,374,341,369,370,373,363,344&#8243; gutter_size=&#8221;1&#8243; screen_lg=&#8221;1000&#8243; screen_md=&#8221;600&#8243; screen_sm=&#8221;480&#8243; single_width=&#8221;3&#8243; single_overlay_opacity=&#8221;50&#8243; single_padding=&#8221;2&#8243; single_title_height=&#8221;&#8221;][\/vc_column][\/vc_row][vc_row][vc_column width=&#8221;1\/2&#8243;][vc_icon position=&#8221;left&#8221; icon=&#8221;fa fa-chevron-circle-right&#8221; icon_color=&#8221;color-vyce&#8221; size=&#8221;fa-3x&#8221; heading_semantic=&#8221;h5&#8243; text_size=&#8221;h5&#8243; [&hellip;]<\/p>\n","protected":false},"author":2,"featured_media":343,"parent":0,"menu_order":0,"comment_status":"closed","ping_status":"closed","template":"","meta":{"footnotes":""},"class_list":["post-23","page","type-page","status-publish","has-post-thumbnail","hentry"],"_links":{"self":[{"href":"http:\/\/www.studiodocs.it\/index.php\/wp-json\/wp\/v2\/pages\/23"}],"collection":[{"href":"http:\/\/www.studiodocs.it\/index.php\/wp-json\/wp\/v2\/pages"}],"about":[{"href":"http:\/\/www.studiodocs.it\/index.php\/wp-json\/wp\/v2\/types\/page"}],"author":[{"embeddable":true,"href":"http:\/\/www.studiodocs.it\/index.php\/wp-json\/wp\/v2\/users\/2"}],"replies":[{"embeddable":true,"href":"http:\/\/www.studiodocs.it\/index.php\/wp-json\/wp\/v2\/comments?post=23"}],"version-history":[{"count":35,"href":"http:\/\/www.studiodocs.it\/index.php\/wp-json\/wp\/v2\/pages\/23\/revisions"}],"predecessor-version":[{"id":417,"href":"http:\/\/www.studiodocs.it\/index.php\/wp-json\/wp\/v2\/pages\/23\/revisions\/417"}],"wp:featuredmedia":[{"embeddable":true,"href":"http:\/\/www.studiodocs.it\/index.php\/wp-json\/wp\/v2\/media\/343"}],"wp:attachment":[{"href":"http:\/\/www.studiodocs.it\/index.php\/wp-json\/wp\/v2\/media?parent=23"}],"curies":[{"name":"wp","href":"https:\/\/api.w.org\/{rel}","templated":true}]}}